{"id":2902,"date":"2024-02-21T11:08:15","date_gmt":"2024-02-21T11:08:15","guid":{"rendered":"https:\/\/recordtours.pt\/cookie-richtlinie\/"},"modified":"2024-05-20T09:51:38","modified_gmt":"2024-05-20T09:51:38","slug":"cookie-richtlinie","status":"publish","type":"page","link":"https:\/\/recordtours.pt\/de\/cookie-richtlinie\/","title":{"rendered":"Cookie-Richtlinie"},"content":{"rendered":"<p>[et_pb_section fb_built=&#8220;1&#8243; inner_shadow=&#8220;on&#8220; _builder_version=&#8220;4.23.2&#8243; _module_preset=&#8220;default&#8220; background_color=&#8220;#262729&#8243; background_enable_pattern_style=&#8220;on&#8220; background_pattern_style=&#8220;smiles&#8220; background_pattern_color=&#8220;#275D0C&#8220; custom_padding=&#8220;0px||0px||true|false&#8220; custom_css_before=&#8220;content: %22%22;||position: absolute;||top: 0;||left: 0;||right: 0;||bottom: 0;||z-index: 2;||backdrop-filter:blur(5px);&#8220; saved_tabs=&#8220;all&#8220; locked=&#8220;off&#8220; global_colors_info=&#8220;{}&#8220;][et_pb_row _builder_version=&#8220;4.23.2&#8243; _module_preset=&#8220;default&#8220; global_colors_info=&#8220;{}&#8220;][et_pb_column type=&#8220;4_4&#8243; _builder_version=&#8220;4.22.2&#8243; _module_preset=&#8220;default&#8220; global_colors_info=&#8220;{}&#8220;][et_pb_heading title=&#8220;@ET-DC@eyJkeW5hbWljIjp0cnVlLCJjb250ZW50IjoicG9zdF90aXRsZSIsInNldHRpbmdzIjp7ImJlZm9yZSI6IiIsImFmdGVyIjoiIn19@&#8220; _builder_version=&#8220;4.23.2&#8243; _dynamic_attributes=&#8220;title&#8220; _module_preset=&#8220;default&#8220; title_font=&#8220;||||||||&#8220; title_text_align=&#8220;center&#8220; title_text_color=&#8220;#FFFFFF&#8220; global_colors_info=&#8220;{}&#8220; title_text_shadow_style=&#8220;preset1&#8243; title_text_shadow_vertical_length=&#8220;0.07em&#8220; title_text_shadow_color=&#8220;rgba(0,0,0,0.2)&#8220;][\/et_pb_heading][\/et_pb_column][\/et_pb_row][\/et_pb_section][et_pb_section fb_built=&#8220;1&#8243; _builder_version=&#8220;4.23.2&#8243; _module_preset=&#8220;default&#8220; global_colors_info=&#8220;{}&#8220;][et_pb_row _builder_version=&#8220;4.23.2&#8243; _module_preset=&#8220;default&#8220; global_colors_info=&#8220;{}&#8220;][et_pb_column type=&#8220;4_4&#8243; _builder_version=&#8220;4.23.2&#8243; _module_preset=&#8220;default&#8220; global_colors_info=&#8220;{}&#8220;][et_pb_text _builder_version=&#8220;4.23.2&#8243; _module_preset=&#8220;default&#8220; hover_enabled=&#8220;0&#8243; sticky_enabled=&#8220;0&#8243;]<em>Zuletzt aktualisiert am: 22. Februar 2024<\/em><\/p>\n<h4>Zusammenfassung<\/h4>\n<p>Auf den Seiten &#8222;Datenschutzrichtlinie&#8220; und &#8222;Cookie-Richtlinie&#8220; wird beschrieben, wie recordtours.pt mit den personenbezogenen Daten umgeht <strong>,<\/strong> die Sie uns durch den Zugriff auf diese Website zur Verf\u00fcgung stellen. Die Seite &#8222;Cookie-Richtlinie&#8220; beschreibt, welche Cookies wir verwenden und zu welchem Zweck, wie wir sie verwenden und einige der Sicherheitsma\u00dfnahmen zum Schutz Ihrer Privatsph\u00e4re sowie Informationen \u00fcber die Verwaltung von Cookies. <strong>recordtours.pt<\/strong> verpflichtet sich, sicherzustellen, dass es die Vorschriften des Datenschutzgesetzes einh\u00e4lt und gleichzeitig Ihre Privatsph\u00e4re sch\u00fctzt.<\/p>\n<p>&nbsp;<\/p>\n<h4>Was sind Cookies?<\/h4>\n<p>&#8222;Cookies&#8220; sind kleine Dateien, die \u00fcber Ihren Browser auf Ihrem Computer gespeichert werden und nur Informationen \u00fcber Ihre Pr\u00e4ferenzen und andere auf Websites verwendete Informationen enthalten, mit Ausnahme Ihrer personenbezogenen Daten. Cookies selbst identifizieren nicht den einzelnen Benutzer, sondern nur den verwendeten Computer.<\/p>\n<p>Sie haben unter allen Umst\u00e4nden die M\u00f6glichkeit, Ihren Computer so zu konfigurieren, dass er alle Cookies akzeptiert, Sie benachrichtigt, wenn ein Cookie ausgegeben wird, oder keine Cookies zu erhalten. Die Methode kann je nach Browser variieren, sodass Sie den Abschnitt &#8222;Hilfe&#8220; Ihres Browsers lesen k\u00f6nnen.<\/p>\n<p>&nbsp;<\/p>\n<h4>Welche Cookies verwenden wir?<\/h4>\n<p>Die <strong>recordtours.pt<\/strong> verwendet Cookies insbesondere, um das Surfen der Benutzer zu verwalten, das von der Website selbst <strong>recordtours.pt<\/strong> und zum Zwecke der statistischen Analyse von externen Stellen durchgef\u00fchrt wird.<\/p>\n<p>Nachfolgend finden Sie die Liste der wichtigsten Cookies, die wir verwenden:<\/p>\n<ol>\n<li>Google Adwords \u2013 erm\u00f6glicht es Ihnen, schnell und einfach eine Anzeige in den Google-Suchergebnissen anzuzeigen;<\/li>\n<li>Google Analytics \u2013 ist das Analysetool von Google, das Website- und App-Besitzern hilft, die Interaktion ihrer Besucher mit ihren Eigenschaften zu verstehen;<\/li>\n<li>Facebook Pixel \u2013 ist das Analysetool von Facebook, mit dem die Werbewirksamkeit gemessen werden kann.<\/li>\n<\/ol>\n<p>Andere Cookies, die auf unserer Website verwendet werden, sind die folgenden: Cookies von Google Analytics- und AdWords-Anwendungen, PHP, PHP-Theme, Javascript, WordPress und einige WordPress-Plugins. Diese Daten sind generisch und anonym und sollen die Funktionalit\u00e4ten der Website und ihrer Infrastruktur, die G\u00fcltigkeit der Sitzung des Benutzers, die Steigerung der Effizienz der Website sowie die statistische Behandlung von Seitenbesuchen erm\u00f6glichen.<\/p>\n<p>Durch das Surfen auf der Website <strong>recordtours.pt<\/strong> stimmen Sie der Verwendung von Cookies zu. Wenn es \u00c4nderungen an unserer Datenschutzrichtlinie oder Cookie-Richtlinie gibt, werden diese \u00c4nderungen auf dieser Website ver\u00f6ffentlicht.<\/p>\n<p>&nbsp;<\/p>\n<h4>Verwendung von Cookies f\u00fcr Remarketing-Zwecke<\/h4>\n<p><strong>Die Dienstleister von recordtours.pt<\/strong>, einschlie\u00dflich Google, verwenden Cookies, um f\u00fcr die Produkte und <strong>Dienstleistungen von recordtours.pt<\/strong> zu werben.<\/p>\n<p>Cookies erm\u00f6glichen <strong>es recordtours.pt<\/strong> Dienstleistern, einschlie\u00dflich Google, Informationen \u00fcber fr\u00fchere Besuche auf der <strong>recordtours.pt<\/strong> Website zu sammeln und auf der Grundlage dieser Informationen Werbung auf Websites Dritter anzuzeigen, die f\u00fcr Kunden und andere Besucher der <strong>recordtours.pt<\/strong> Websites relevant und von Interesse <strong>recordtours.pt<\/strong>.<\/p>\n<p>Kunden und andere Besucher <strong>der recordtours.pt-Websites<\/strong> k\u00f6nnen die Verwendung von Cookies durch Google jederzeit \u00fcber die Anzeigeneinstellungen von Google deaktivieren.<\/p>\n<p>&nbsp;<\/p>\n<h4>Add-on zur Deaktivierung des Google Analytics-Browsers<\/h4>\n<p>Google hat das Google Analytics Browser Opt-out Add-on entwickelt, das den Nutzern mehr Kontrolle \u00fcber die Verwaltung ihrer Daten durch Google Analytics bietet. Das Add-on kommuniziert mit dem Google Analytics JavaScript (ga.js), um festzulegen, welche Daten \u00fcber den Website-Besuch nicht an Google Analytics \u00fcbermittelt werden sollen. Das Google Analytics Browser Opt-out Add-on verhindert nicht, dass Daten an die Website selbst oder an andere Webanalysedienste gesendet werden.<\/p>\n<p>&nbsp;<\/p>\n<h4>Kontrolle und Blockierung von Cookies<\/h4>\n<p>Alle Browser erm\u00f6glichen es dem Benutzer, Cookies zu akzeptieren, abzulehnen oder zu l\u00f6schen, insbesondere durch Auswahl der entsprechenden Einstellungen im jeweiligen Browser. Sie k\u00f6nnen Cookies im Men\u00fc &#8222;Optionen&#8220; oder &#8222;Einstellungen&#8220; Ihres Browsers konfigurieren. Wenn Sie Cookies akzeptieren, k\u00f6nnen diese viele Jahre auf Ihrem Computer verbleiben, es sei denn, Sie l\u00f6schen sie.<\/p>\n<p>Bitte beachten Sie jedoch, dass Sie durch die Deaktivierung von Cookies m\u00f6glicherweise verhindern, dass einige Webdienste ordnungsgem\u00e4\u00df funktionieren, was die Navigation auf der Website teilweise oder vollst\u00e4ndig beeintr\u00e4chtigt. Um mehr \u00fcber Cookies zu erfahren, einschlie\u00dflich der Frage, wof\u00fcr Cookies erstellt wurden und wie Sie sie verwalten und l\u00f6schen k\u00f6nnen, besuchen Sie bitte www.allaboutcookies.org, der Informationen zur Verwaltung Ihrer Einstellungen f\u00fcr die verschiedenen Browseranbieter enth\u00e4lt.[\/et_pb_text][\/et_pb_column][\/et_pb_row][\/et_pb_section]<\/p>\n","protected":false},"excerpt":{"rendered":"<p>Zuletzt aktualisiert am: 22. Februar 2024 Zusammenfassung Auf den Seiten &#8222;Datenschutzrichtlinie&#8220; und &#8222;Cookie-Richtlinie&#8220; wird beschrieben, wie recordtours.pt mit den personenbezogenen Daten umgeht , die Sie uns durch den Zugriff auf diese Website zur Verf\u00fcgung stellen. Die Seite &#8222;Cookie-Richtlinie&#8220; beschreibt, welche Cookies wir verwenden und zu welchem Zweck, wie wir sie verwenden und einige der Sicherheitsma\u00dfnahmen [&hellip;]<\/p>\n","protected":false},"author":1,"featured_media":0,"parent":0,"menu_order":0,"comment_status":"closed","ping_status":"closed","template":"","meta":{"_acf_changed":false,"_et_pb_use_builder":"on","_et_pb_old_content":"","_et_gb_content_width":"","footnotes":""},"class_list":["post-2902","page","type-page","status-publish","hentry"],"acf":[],"_links":{"self":[{"href":"https:\/\/recordtours.pt\/de\/wp-json\/wp\/v2\/pages\/2902","targetHints":{"allow":["GET"]}}],"collection":[{"href":"https:\/\/recordtours.pt\/de\/wp-json\/wp\/v2\/pages"}],"about":[{"href":"https:\/\/recordtours.pt\/de\/wp-json\/wp\/v2\/types\/page"}],"author":[{"embeddable":true,"href":"https:\/\/recordtours.pt\/de\/wp-json\/wp\/v2\/users\/1"}],"replies":[{"embeddable":true,"href":"https:\/\/recordtours.pt\/de\/wp-json\/wp\/v2\/comments?post=2902"}],"version-history":[{"count":0,"href":"https:\/\/recordtours.pt\/de\/wp-json\/wp\/v2\/pages\/2902\/revisions"}],"wp:attachment":[{"href":"https:\/\/recordtours.pt\/de\/wp-json\/wp\/v2\/media?parent=2902"}],"curies":[{"name":"wp","href":"https:\/\/api.w.org\/{rel}","templated":true}]}}