{"id":3022,"date":"2024-03-05T12:34:53","date_gmt":"2024-03-05T12:34:53","guid":{"rendered":"https:\/\/recordtours.pt\/mehrtaegige-reiserouten\/"},"modified":"2024-05-23T13:59:16","modified_gmt":"2024-05-23T13:59:16","slug":"mehrtaegige-reiserouten","status":"publish","type":"page","link":"https:\/\/recordtours.pt\/de\/mehrtaegige-reiserouten\/","title":{"rendered":"Mehrt\u00e4gige Reiserouten"},"content":{"rendered":"<p>[et_pb_section fb_built=&#8220;1&#8243; inner_shadow=&#8220;on&#8220; _builder_version=&#8220;4.23.2&#8243; _module_preset=&#8220;default&#8220; background_color=&#8220;#275D0C&#8220; background_enable_pattern_style=&#8220;on&#8220; background_pattern_style=&#8220;smiles&#8220; background_pattern_color=&#8220;#8BB42C&#8220; custom_padding=&#8220;0px||0px||true|false&#8220; custom_css_before=&#8220;content: %22%22;||position: absolute;||top: 0;||left: 0;||right: 0;||bottom: 0;||z-index: 2;||backdrop-filter:blur(5px);&#8220; global_module=&#8220;1806&#8243; saved_tabs=&#8220;all&#8220; locked=&#8220;off&#8220; global_colors_info=&#8220;{}&#8220;][et_pb_row _builder_version=&#8220;4.23.2&#8243; _module_preset=&#8220;default&#8220; custom_padding=&#8220;30px||30px||true|false&#8220; global_colors_info=&#8220;{}&#8220;][et_pb_column type=&#8220;4_4&#8243; _builder_version=&#8220;4.22.2&#8243; _module_preset=&#8220;default&#8220; global_colors_info=&#8220;{}&#8220;][et_pb_heading title=&#8220;@ET-DC@eyJkeW5hbWljIjp0cnVlLCJjb250ZW50IjoicG9zdF90aXRsZSIsInNldHRpbmdzIjp7ImJlZm9yZSI6IiIsImFmdGVyIjoiIn19@&#8220; _builder_version=&#8220;4.23.2&#8243; _dynamic_attributes=&#8220;title&#8220; _module_preset=&#8220;default&#8220; title_font=&#8220;||||||||&#8220; title_text_align=&#8220;center&#8220; title_text_color=&#8220;#FFFFFF&#8220; title_text_shadow_style=&#8220;preset1&#8243; title_text_shadow_vertical_length=&#8220;0.07em&#8220; title_text_shadow_color=&#8220;rgba(0,0,0,0.2)&#8220; global_colors_info=&#8220;{}&#8220;][\/et_pb_heading][\/et_pb_column][\/et_pb_row][\/et_pb_section][et_pb_section fb_built=&#8220;1&#8243; _builder_version=&#8220;4.23.2&#8243; _module_preset=&#8220;default&#8220; background_color=&#8220;#F5F5F8&#8243; custom_padding=&#8220;20px||20px||true|false&#8220; locked=&#8220;off&#8220; global_colors_info=&#8220;{}&#8220;][et_pb_row use_custom_gutter=&#8220;on&#8220; gutter_width=&#8220;1&#8243; make_equal=&#8220;on&#8220; _builder_version=&#8220;4.23.2&#8243; _module_preset=&#8220;default&#8220; global_colors_info=&#8220;{}&#8220;][et_pb_column type=&#8220;4_4&#8243; _builder_version=&#8220;4.23.2&#8243; _module_preset=&#8220;default&#8220; global_colors_info=&#8220;{}&#8220;][et_pb_heading title=&#8220;Entdecken Sie eine Vielzahl von Touren&#8220; admin_label=&#8220;Subt\u00edtulo&#8220; _builder_version=&#8220;4.23.2&#8243; _module_preset=&#8220;default&#8220; title_level=&#8220;h3&#8243; title_text_align=&#8220;center&#8220; global_colors_info=&#8220;{}&#8220;][\/et_pb_heading][et_pb_text admin_label=&#8220;Descri\u00e7\u00e3o&#8220; _builder_version=&#8220;4.23.2&#8243; _module_preset=&#8220;default&#8220; text_orientation=&#8220;center&#8220; global_colors_info=&#8220;{}&#8220;]<\/p>\n<div class=\"et_pb_module et_pb_text et_pb_text_1_tb_body et_pb_text_align_center et_pb_bg_layout_light\">\n<div class=\"et_pb_text_inner\">\n<p>Personalisierte Touren von uns und Ihnen. Werfen Sie einen Blick auf die von Record Tours entworfenen Routen oder erstellen Sie Ihre eigenen.<\/p>\n<\/div>\n<\/div>\n<p>[\/et_pb_text][\/et_pb_column][\/et_pb_row][et_pb_row column_structure=&#8220;1_4,3_4&#8243; use_custom_gutter=&#8220;on&#8220; gutter_width=&#8220;1&#8243; make_equal=&#8220;on&#8220; custom_padding_last_edited=&#8220;on|phone&#8220; _builder_version=&#8220;4.23.2&#8243; _module_preset=&#8220;default&#8220; custom_padding=&#8220;||20px||false|false&#8220; custom_padding_tablet=&#8220;||15px||false|false&#8220; custom_padding_phone=&#8220;||10px||false|false&#8220; saved_tabs=&#8220;all&#8220; global_colors_info=&#8220;{}&#8220;][et_pb_column type=&#8220;1_4&#8243; _builder_version=&#8220;4.23.2&#8243; _module_preset=&#8220;default&#8220; global_colors_info=&#8220;{}&#8220;][et_pb_cta title=&#8220;Erstellen Sie Ihre eigene Tour!&#8220; button_url=&#8220;@ET-DC@eyJkeW5hbWljIjp0cnVlLCJjb250ZW50IjoicG9zdF9saW5rX3VybF9wYWdlIiwic2V0dGluZ3MiOnsicG9zdF9pZCI6IjI3MDEifX0=@&#8220; button_text=&#8220;Tour anpassen&#8220; _builder_version=&#8220;4.25.1&#8243; _module_preset=&#8220;default&#8220; header_level=&#8220;h4&#8243; background_color=&#8220;#275D0C&#8220; custom_button=&#8220;on&#8220; button_text_color=&#8220;#275D0C&#8220; button_bg_color=&#8220;#FFFFFF&#8220; button_border_color=&#8220;#FFFFFF&#8220; button_use_icon=&#8220;off&#8220; transform_translate_linked__hover=&#8220;off&#8220; height=&#8220;100%&#8220; custom_margin=&#8220;|30px|||false|false&#8220; custom_margin_tablet=&#8220;|0px|20px||false|false&#8220; custom_margin_phone=&#8220;|0px|20px||false|false&#8220; custom_margin_last_edited=&#8220;on|desktop&#8220; custom_padding=&#8220;20px|20px|20px|20px|true|true&#8220; hover_transition_duration=&#8220;400ms&#8220; hover_enabled=&#8220;0&#8243; custom_css_main_element=&#8220;display:flex;||flex-direction:column;||justify-content:center;&#8220; border_radii=&#8220;on|20px|20px|20px|20px&#8220; box_shadow_style=&#8220;preset1&#8243; box_shadow_vertical=&#8220;0px&#8220; box_shadow_blur=&#8220;30px&#8220; box_shadow_spread=&#8220;-10px&#8220; box_shadow_color=&#8220;rgba(0,0,0,0.2)&#8220; global_colors_info=&#8220;{}&#8220; transform_styles__hover_enabled=&#8220;on|hover&#8220; transform_scale__hover_enabled=&#8220;on|desktop&#8220; transform_translate__hover_enabled=&#8220;on|hover&#8220; transform_rotate__hover_enabled=&#8220;on|desktop&#8220; transform_skew__hover_enabled=&#8220;on|desktop&#8220; transform_origin__hover_enabled=&#8220;on|desktop&#8220; transform_translate__hover=&#8220;0px|-10px&#8220; box_shadow_blur__hover_enabled=&#8220;on|hover&#8220; box_shadow_blur__hover=&#8220;60px&#8220; button_bg_color__hover_enabled=&#8220;on|desktop&#8220; button_border_color__hover_enabled=&#8220;on|desktop&#8220; button_text_color__hover_enabled=&#8220;on|hover&#8220; button_text_color__hover=&#8220;#FFFFFF&#8220; button_bg_color__hover=&#8220;#8BB42C&#8220; button_bg_enable_color__hover=&#8220;on&#8220; button_border_color__hover=&#8220;#8BB42C&#8220; sticky_enabled=&#8220;0&#8243; _dynamic_attributes=&#8220;button_url&#8220;]<\/p>\n<p>Mit Record Tours haben Sie jetzt die M\u00f6glichkeit, Ihre eigene Route zu erstellen und die zu besuchenden Orte auszuw\u00e4hlen.<\/p>\n<p>Fordern Sie Ihre pers\u00f6nliche Tour an!<\/p>\n<p>[\/et_pb_cta][\/et_pb_column][et_pb_column type=&#8220;3_4&#8243; _builder_version=&#8220;4.23.2&#8243; _module_preset=&#8220;default&#8220; global_colors_info=&#8220;{}&#8220;][et_pb_blog posts_number=&#8220;3&#8243; include_categories=&#8220;17&#8243; show_more=&#8220;on&#8220; show_author=&#8220;off&#8220; show_date=&#8220;off&#8220; show_categories=&#8220;off&#8220; show_pagination=&#8220;off&#8220; module_class=&#8220;tours offset&#8220; _builder_version=&#8220;4.23.2&#8243; _module_preset=&#8220;default&#8220; header_level=&#8220;h6&#8243; header_font=&#8220;|600|||||||&#8220; read_more_font=&#8220;|600||on|||||&#8220; read_more_text_color=&#8220;#275D0C&#8220; custom_margin=&#8220;|||10px|false|false&#8220; custom_margin_tablet=&#8220;|||0px|false|false&#8220; custom_margin_phone=&#8220;|||0px|false|false&#8220; custom_margin_last_edited=&#8220;on|desktop&#8220; global_colors_info=&#8220;{}&#8220; read_more_text_color__hover_enabled=&#8220;on|hover&#8220; read_more_text_color__hover=&#8220;#8BB42C&#8220; header_text_color__hover_enabled=&#8220;off|hover&#8220;][\/et_pb_blog][\/et_pb_column][\/et_pb_row][et_pb_row custom_padding_last_edited=&#8220;on|phone&#8220; disabled_on=&#8220;on|on|on&#8220; _builder_version=&#8220;4.23.2&#8243; _module_preset=&#8220;default&#8220; custom_padding=&#8220;20px||||false|false&#8220; custom_padding_tablet=&#8220;15px||||false|false&#8220; custom_padding_phone=&#8220;10px||||false|false&#8220; disabled=&#8220;on&#8220; global_colors_info=&#8220;{}&#8220;][et_pb_column type=&#8220;4_4&#8243; _builder_version=&#8220;4.23.2&#8243; _module_preset=&#8220;default&#8220; global_colors_info=&#8220;{}&#8220;][et_pb_blog posts_number=&#8220;96&#8243; include_categories=&#8220;17&#8243; show_more=&#8220;on&#8220; show_author=&#8220;off&#8220; show_date=&#8220;off&#8220; show_categories=&#8220;off&#8220; show_pagination=&#8220;off&#8220; offset_number=&#8220;3&#8243; module_class=&#8220;tours&#8220; _builder_version=&#8220;4.23.2&#8243; _module_preset=&#8220;default&#8220; header_level=&#8220;h6&#8243; header_font=&#8220;|600|||||||&#8220; read_more_font=&#8220;|600||on|||||&#8220; read_more_text_color=&#8220;#275D0C&#8220; global_colors_info=&#8220;{}&#8220; read_more_text_color__hover_enabled=&#8220;on|hover&#8220; read_more_text_color__hover=&#8220;#8BB42C&#8220; header_text_color__hover_enabled=&#8220;off|hover&#8220;][\/et_pb_blog][\/et_pb_column][\/et_pb_row][\/et_pb_section]<\/p>\n","protected":false},"excerpt":{"rendered":"<p>Personalisierte Touren von uns und Ihnen. Werfen Sie einen Blick auf die von Record Tours entworfenen Routen oder erstellen Sie Ihre eigenen. Mit Record Tours haben Sie jetzt die M\u00f6glichkeit, Ihre eigene Route zu erstellen und die zu besuchenden Orte auszuw\u00e4hlen. Fordern Sie Ihre pers\u00f6nliche Tour an!<\/p>\n","protected":false},"author":3,"featured_media":0,"parent":0,"menu_order":0,"comment_status":"closed","ping_status":"closed","template":"","meta":{"_acf_changed":false,"_et_pb_use_builder":"on","_et_pb_old_content":"","_et_gb_content_width":"","footnotes":""},"class_list":["post-3022","page","type-page","status-publish","hentry"],"acf":[],"_links":{"self":[{"href":"https:\/\/recordtours.pt\/de\/wp-json\/wp\/v2\/pages\/3022","targetHints":{"allow":["GET"]}}],"collection":[{"href":"https:\/\/recordtours.pt\/de\/wp-json\/wp\/v2\/pages"}],"about":[{"href":"https:\/\/recordtours.pt\/de\/wp-json\/wp\/v2\/types\/page"}],"author":[{"embeddable":true,"href":"https:\/\/recordtours.pt\/de\/wp-json\/wp\/v2\/users\/3"}],"replies":[{"embeddable":true,"href":"https:\/\/recordtours.pt\/de\/wp-json\/wp\/v2\/comments?post=3022"}],"version-history":[{"count":0,"href":"https:\/\/recordtours.pt\/de\/wp-json\/wp\/v2\/pages\/3022\/revisions"}],"wp:attachment":[{"href":"https:\/\/recordtours.pt\/de\/wp-json\/wp\/v2\/media?parent=3022"}],"curies":[{"name":"wp","href":"https:\/\/api.w.org\/{rel}","templated":true}]}}