{"id":3062,"date":"2024-02-21T11:02:21","date_gmt":"2024-02-21T11:02:21","guid":{"rendered":"https:\/\/recordtours.pt\/uebertraegt\/"},"modified":"2024-05-23T15:27:32","modified_gmt":"2024-05-23T15:27:32","slug":"uebertraegt","status":"publish","type":"page","link":"https:\/\/recordtours.pt\/de\/uebertraegt\/","title":{"rendered":"\u00dcbertr\u00e4gt"},"content":{"rendered":"<p>[et_pb_section fb_built=&#8220;1&#8243; inner_shadow=&#8220;on&#8220; _builder_version=&#8220;4.23.2&#8243; _module_preset=&#8220;default&#8220; background_color=&#8220;#275D0C&#8220; background_enable_pattern_style=&#8220;on&#8220; background_pattern_style=&#8220;smiles&#8220; background_pattern_color=&#8220;#8BB42C&#8220; custom_padding=&#8220;0px||0px||true|false&#8220; custom_css_before=&#8220;content: %22%22;||position: absolute;||top: 0;||left: 0;||right: 0;||bottom: 0;||z-index: 2;||backdrop-filter:blur(5px);&#8220; global_module=&#8220;1806&#8243; saved_tabs=&#8220;all&#8220; locked=&#8220;off&#8220; global_colors_info=&#8220;{}&#8220;][et_pb_row _builder_version=&#8220;4.23.2&#8243; _module_preset=&#8220;default&#8220; custom_padding=&#8220;30px||30px||true|false&#8220; global_colors_info=&#8220;{}&#8220;][et_pb_column type=&#8220;4_4&#8243; _builder_version=&#8220;4.22.2&#8243; _module_preset=&#8220;default&#8220; global_colors_info=&#8220;{}&#8220;][et_pb_heading title=&#8220;@ET-DC@eyJkeW5hbWljIjp0cnVlLCJjb250ZW50IjoicG9zdF90aXRsZSIsInNldHRpbmdzIjp7ImJlZm9yZSI6IiIsImFmdGVyIjoiIn19@&#8220; _builder_version=&#8220;4.23.2&#8243; _dynamic_attributes=&#8220;title&#8220; _module_preset=&#8220;default&#8220; title_font=&#8220;||||||||&#8220; title_text_align=&#8220;center&#8220; title_text_color=&#8220;#FFFFFF&#8220; title_text_shadow_style=&#8220;preset1&#8243; title_text_shadow_vertical_length=&#8220;0.07em&#8220; title_text_shadow_color=&#8220;rgba(0,0,0,0.2)&#8220; global_colors_info=&#8220;{}&#8220;][\/et_pb_heading][\/et_pb_column][\/et_pb_row][\/et_pb_section][et_pb_section fb_built=&#8220;1&#8243; _builder_version=&#8220;4.23.2&#8243; _module_preset=&#8220;default&#8220; global_colors_info=&#8220;{}&#8220;][et_pb_row column_structure=&#8220;1_2,1_2&#8243; use_custom_gutter=&#8220;on&#8220; make_equal=&#8220;on&#8220; _builder_version=&#8220;4.23.2&#8243; _module_preset=&#8220;default&#8220; global_colors_info=&#8220;{}&#8220;][et_pb_column type=&#8220;1_2&#8243; _builder_version=&#8220;4.23.2&#8243; _module_preset=&#8220;default&#8220; global_colors_info=&#8220;{}&#8220;][et_pb_image src=&#8220;https:\/\/recordtours.pt\/wp-content\/uploads\/2024\/02\/home-viaturas-02.webp&#8220; _builder_version=&#8220;4.23.2&#8243; _module_preset=&#8220;default&#8220; border_radii=&#8220;on|20px|20px|20px|20px&#8220; global_colors_info=&#8220;{}&#8220;][\/et_pb_image][\/et_pb_column][et_pb_column type=&#8220;1_2&#8243; _builder_version=&#8220;4.23.2&#8243; _module_preset=&#8220;default&#8220; custom_css_main_element=&#8220;display:flex;||flex-direction:column;||justify-content:center;&#8220; global_colors_info=&#8220;{}&#8220;][et_pb_text _builder_version=&#8220;4.23.2&#8243; _module_preset=&#8220;default&#8220; global_colors_info=&#8220;{}&#8220;]<\/p>\n<h2>Pendelverkehr<\/h2>\n<p>Buchen Sie jetzt, um ein reibungsloses Erlebnis und exzellenten Service zu erschwinglichen Preisen zu genie\u00dfen.<\/p>\n<p>Bei Record Tours bieten wir Transfers innerhalb von Lissabon an, von Lissabon zu jedem Ort und umgekehrt.<\/p>\n<p>Wir arbeiten ausschlie\u00dflich mit vertrauensw\u00fcrdigen Partnern mit ausgezeichnetem Ruf und voller Lizenz f\u00fcr den Betrieb an Flugh\u00e4fen zusammen. Unsere Fahrzeuge sind mit einer Klimaanlage ausgestattet.<\/p>\n<p>[\/et_pb_text][et_pb_button button_url=&#8220;#transferForm&#8220; button_text=&#8220;Transfer anfordern&#8220; _builder_version=&#8220;4.25.1&#8243; _module_preset=&#8220;default&#8220; custom_button=&#8220;on&#8220; button_icon=&#8220;&#xf1b9;||fa||900&#8243; button_icon_placement=&#8220;left&#8220; button_on_hover=&#8220;off&#8220; global_colors_info=&#8220;{}&#8220;][\/et_pb_button][\/et_pb_column][\/et_pb_row][et_pb_row column_structure=&#8220;1_4,1_4,1_4,1_4&#8243; use_custom_gutter=&#8220;on&#8220; make_equal=&#8220;on&#8220; _builder_version=&#8220;4.23.2&#8243; _module_preset=&#8220;default&#8220; global_colors_info=&#8220;{}&#8220;][et_pb_column type=&#8220;1_4&#8243; _builder_version=&#8220;4.23.2&#8243; _module_preset=&#8220;default&#8220; global_colors_info=&#8220;{}&#8220;][et_pb_blurb title=&#8220;Bestes Preis-Qualit\u00e4t&#8220; use_icon=&#8220;on&#8220; font_icon=&#8220;&#xf005;||fa||900&#8243; image_icon_width=&#8220;56px&#8220; content_max_width=&#8220;100%&#8220; _builder_version=&#8220;4.25.1&#8243; _module_preset=&#8220;default&#8220; text_orientation=&#8220;center&#8220; animation=&#8220;off&#8220; hover_enabled=&#8220;0&#8243; global_colors_info=&#8220;{}&#8220; image_icon_width_last_edited=&#8220;on|tablet&#8220; icon_alignment_last_edited=&#8220;on|phone&#8220; sticky_enabled=&#8220;0&#8243; image_icon_width_tablet=&#8220;40px&#8220; icon_alignment_tablet=&#8220;center&#8220; icon_alignment_phone=&#8220;left&#8220; image_icon_width_phone=&#8220;40px&#8220; text_orientation_last_edited=&#8220;on|phone&#8220; text_orientation_phone=&#8220;left&#8220; custom_css_blurb_image=&#8220;margin-bottom:20px;&#8220; custom_margin_last_edited=&#8220;on|phone&#8220; custom_margin_phone=&#8220;||30px||false|false&#8220; text_orientation_tablet=&#8220;center&#8220;]<\/p>\n<p>Profitieren Sie von einem hochwertigen Transferservice zu \u00fcberraschend niedrigen Preisen mit Record Tours.<\/p>\n<p>[\/et_pb_blurb][\/et_pb_column][et_pb_column type=&#8220;1_4&#8243; _builder_version=&#8220;4.23.2&#8243; _module_preset=&#8220;default&#8220; global_colors_info=&#8220;{}&#8220;][et_pb_blurb title=&#8220;Angebot an Fahrzeugen&#8220; use_icon=&#8220;on&#8220; font_icon=&#8220;&#xf1b9;||fa||900&#8243; image_icon_width=&#8220;56px&#8220; content_max_width=&#8220;100%&#8220; _builder_version=&#8220;4.25.1&#8243; _module_preset=&#8220;default&#8220; text_orientation=&#8220;center&#8220; animation=&#8220;off&#8220; global_colors_info=&#8220;{}&#8220; image_icon_width_tablet=&#8220;40px&#8220; image_icon_width_phone=&#8220;40px&#8220; image_icon_width_last_edited=&#8220;on|tablet&#8220; text_orientation_phone=&#8220;left&#8220; text_orientation_last_edited=&#8220;on|phone&#8220; icon_alignment_tablet=&#8220;center&#8220; icon_alignment_phone=&#8220;left&#8220; icon_alignment_last_edited=&#8220;on|phone&#8220; custom_css_blurb_image=&#8220;margin-bottom:20px;&#8220; custom_margin_last_edited=&#8220;on|phone&#8220; hover_enabled=&#8220;0&#8243; sticky_enabled=&#8220;0&#8243; custom_margin_phone=&#8220;||30px||false|false&#8220; text_orientation_tablet=&#8220;center&#8220;]<\/p>\n<p>Wir verf\u00fcgen \u00fcber eine Vielzahl von Fahrzeugen, die f\u00fcr alle Bed\u00fcrfnisse ger\u00fcstet sind.<\/p>\n<p>[\/et_pb_blurb][\/et_pb_column][et_pb_column type=&#8220;1_4&#8243; _builder_version=&#8220;4.23.2&#8243; _module_preset=&#8220;default&#8220; global_colors_info=&#8220;{}&#8220;][et_pb_blurb title=&#8220;Einfache und flexible Buchung&#8220; use_icon=&#8220;on&#8220; font_icon=&#8220;&#xf164;||fa||900&#8243; image_icon_width=&#8220;56px&#8220; content_max_width=&#8220;100%&#8220; _builder_version=&#8220;4.25.1&#8243; _module_preset=&#8220;default&#8220; text_orientation=&#8220;center&#8220; animation=&#8220;off&#8220; global_colors_info=&#8220;{}&#8220; image_icon_width_tablet=&#8220;40px&#8220; image_icon_width_phone=&#8220;40px&#8220; image_icon_width_last_edited=&#8220;on|tablet&#8220; text_orientation_phone=&#8220;left&#8220; text_orientation_last_edited=&#8220;on|phone&#8220; icon_alignment_tablet=&#8220;center&#8220; icon_alignment_phone=&#8220;left&#8220; icon_alignment_last_edited=&#8220;on|phone&#8220; custom_css_blurb_image=&#8220;margin-bottom:20px;&#8220; hover_enabled=&#8220;0&#8243; sticky_enabled=&#8220;0&#8243; custom_margin_last_edited=&#8220;on|phone&#8220; custom_margin_phone=&#8220;||30px||false|false&#8220; text_orientation_tablet=&#8220;center&#8220;]<\/p>\n<p>Die Buchung ist schnell und einfach. Sie k\u00f6nnen den Service 24 Stunden im Voraus stornieren oder \u00e4ndern.<\/p>\n<p>[\/et_pb_blurb][\/et_pb_column][et_pb_column type=&#8220;1_4&#8243; _builder_version=&#8220;4.23.2&#8243; _module_preset=&#8220;default&#8220; global_colors_info=&#8220;{}&#8220;][et_pb_blurb title=&#8220;Kundensupport&#8220; use_icon=&#8220;on&#8220; font_icon=&#8220;&#xf1da;||fa||900&#8243; image_icon_width=&#8220;56px&#8220; content_max_width=&#8220;100%&#8220; _builder_version=&#8220;4.25.1&#8243; _module_preset=&#8220;default&#8220; text_orientation=&#8220;center&#8220; animation=&#8220;off&#8220; global_colors_info=&#8220;{}&#8220; image_icon_width_tablet=&#8220;40px&#8220; image_icon_width_phone=&#8220;40px&#8220; image_icon_width_last_edited=&#8220;on|tablet&#8220; text_orientation_phone=&#8220;left&#8220; text_orientation_last_edited=&#8220;on|phone&#8220; icon_alignment_tablet=&#8220;center&#8220; icon_alignment_phone=&#8220;left&#8220; icon_alignment_last_edited=&#8220;on|phone&#8220; custom_css_blurb_image=&#8220;margin-bottom:20px;&#8220; custom_margin_last_edited=&#8220;on|phone&#8220; hover_enabled=&#8220;0&#8243; sticky_enabled=&#8220;0&#8243; custom_margin_phone=&#8220;||30px||false|false&#8220; text_orientation_tablet=&#8220;center&#8220;]<\/p>\n<p>Online-Buchungen sind 24 Stunden am Tag m\u00f6glich und wir stehen Ihnen zur Verf\u00fcgung, um Sie zu unterst\u00fctzen.<\/p>\n<p>[\/et_pb_blurb][\/et_pb_column][\/et_pb_row][\/et_pb_section][et_pb_section fb_built=&#8220;1&#8243; inner_shadow=&#8220;on&#8220; module_id=&#8220;transferForm&#8220; _builder_version=&#8220;4.25.1&#8243; _module_preset=&#8220;default&#8220; background_color=&#8220;#FFFFFF&#8220; background_enable_pattern_style=&#8220;on&#8220; background_pattern_style=&#8220;smiles&#8220; background_pattern_color=&#8220;rgba(245,245,248,0.75)&#8220; background_pattern_repeat_origin=&#8220;center&#8220; global_colors_info=&#8220;{}&#8220;][et_pb_row column_structure=&#8220;1_4,1_2,1_4&#8243; _builder_version=&#8220;4.25.1&#8243; _module_preset=&#8220;default&#8220; global_colors_info=&#8220;{}&#8220;][et_pb_column type=&#8220;1_4&#8243; _builder_version=&#8220;4.25.1&#8243; _module_preset=&#8220;default&#8220; global_colors_info=&#8220;{}&#8220;][\/et_pb_column][et_pb_column type=&#8220;1_2&#8243; _builder_version=&#8220;4.25.1&#8243; _module_preset=&#8220;default&#8220; global_colors_info=&#8220;{}&#8220;][et_pb_text _builder_version=&#8220;4.25.1&#8243; _module_preset=&#8220;default&#8220; text_font=&#8220;|700||on|||||&#8220; text_text_color=&#8220;#8BB42C&#8220; text_font_size=&#8220;20px&#8220; text_letter_spacing=&#8220;2px&#8220; custom_margin=&#8220;||15px||false|false&#8220; text_font_size_tablet=&#8220;16px&#8220; text_font_size_phone=&#8220;14px&#8220; text_font_size_last_edited=&#8220;on|tablet&#8220; locked=&#8220;off&#8220; global_colors_info=&#8220;{}&#8220;]<\/p>\n<p>Transfer-Service<\/p>\n<p>[\/et_pb_text][et_pb_text _builder_version=&#8220;4.25.1&#8243; _module_preset=&#8220;default&#8220; custom_margin=&#8220;||30px||false|false&#8220; locked=&#8220;off&#8220; global_colors_info=&#8220;{}&#8220;]<\/p>\n<h2>Fordern Sie einen privaten Transfer an<\/h2>\n<p>F\u00fcllen Sie das untenstehende Formular aus und wir werden uns so schnell wie m\u00f6glich bei Ihnen melden.<\/p>\n<p>[\/et_pb_text][et_pb_contact_form use_spam_service=&#8220;on&#8220; recaptcha_list=&#8220;RecordTours|RecordTours-0&#8243; email=&#8220;info@recordtours.pt&#8220; custom_message=&#8220;Name: %%Name%%||et_pb_line_break_holder||Telefon: %%Phone%%||et_pb_line_break_holder||E-Mail: %%Email%%||et_pb_line_break_holder||||et_pb_line_break_holder||Nachricht: ||et_pb_line_break_holder||%%Message%%||et_pb_line_break_holder||||et_pb_line_break_holder||Nachricht \u00fcber Formular %22Contactos%22 auf der www.recordtours.pt-Website gesendet&#8220; submit_button_text=&#8220;Senden&#8220; module_class=&#8220;cform&#8220; _builder_version=&#8220;4.25.1&#8243; _module_preset=&#8220;default&#8220; _unique_id=&#8220;f838657d-5456-4243-bf1a-47c835a399d2&#8243; form_field_background_color=&#8220;#f7f7f9&#8243; form_field_text_color=&#8220;rgba(34,30,31,0.7)&#8220; form_field_focus_background_color=&#8220;#fcfcfc&#8220; form_field_focus_text_color=&#8220;#221E1F&#8220; form_field_custom_padding=&#8220;12px|16px|12px|16px|true|true&#8220; form_field_font=&#8220;Plus Jakarta Sans|500|||||||&#8220; form_field_font_size=&#8220;14px&#8220; form_field_letter_spacing=&#8220;0.5px&#8220; form_field_line_height=&#8220;1.6em&#8220; custom_css_text_field=&#8220;resize:none;||overflow-y:auto;&#8220; border_radii=&#8220;on|10px|10px|10px|10px&#8220; border_width_all=&#8220;1px&#8220; border_color_all=&#8220;#f0f0f0&#8243; box_shadow_style=&#8220;preset6&#8243; box_shadow_vertical=&#8220;4px&#8220; box_shadow_blur=&#8220;10px&#8220; box_shadow_spread=&#8220;-8px&#8220; box_shadow_color=&#8220;rgba(26,29,35,0.2)&#8220; locked=&#8220;off&#8220; global_colors_info=&#8220;{}&#8220;][et_pb_contact_field field_id=&#8220;Name&#8220; field_title=&#8220;Name&#8220; _builder_version=&#8220;4.23.2&#8243; global_colors_info=&#8220;{}&#8220; button_text_size__hover_enabled=&#8220;off&#8220; button_one_text_size__hover_enabled=&#8220;off&#8220; button_two_text_size__hover_enabled=&#8220;off&#8220; button_text_color__hover_enabled=&#8220;off&#8220; button_one_text_color__hover_enabled=&#8220;off&#8220; button_two_text_color__hover_enabled=&#8220;off&#8220; button_border_width__hover_enabled=&#8220;off&#8220; button_one_border_width__hover_enabled=&#8220;off&#8220; button_two_border_width__hover_enabled=&#8220;off&#8220; button_border_color__hover_enabled=&#8220;off&#8220; button_one_border_color__hover_enabled=&#8220;off&#8220; button_two_border_color__hover_enabled=&#8220;off&#8220; button_border_radius__hover_enabled=&#8220;off&#8220; button_one_border_radius__hover_enabled=&#8220;off&#8220; button_two_border_radius__hover_enabled=&#8220;off&#8220; button_letter_spacing__hover_enabled=&#8220;off&#8220; button_one_letter_spacing__hover_enabled=&#8220;off&#8220; button_two_letter_spacing__hover_enabled=&#8220;off&#8220; button_bg_color__hover_enabled=&#8220;off&#8220; button_one_bg_color__hover_enabled=&#8220;off&#8220; button_two_bg_color__hover_enabled=&#8220;off&#8220;][\/et_pb_contact_field][et_pb_contact_field field_id=&#8220;Phone&#8220; field_title=&#8220;Telefon&#8220; min_length=&#8220;9&#8243; allowed_symbols=&#8220;numbers&#8220; _builder_version=&#8220;4.23.2&#8243; global_colors_info=&#8220;{}&#8220; button_text_size__hover_enabled=&#8220;off&#8220; button_one_text_size__hover_enabled=&#8220;off&#8220; button_two_text_size__hover_enabled=&#8220;off&#8220; button_text_color__hover_enabled=&#8220;off&#8220; button_one_text_color__hover_enabled=&#8220;off&#8220; button_two_text_color__hover_enabled=&#8220;off&#8220; button_border_width__hover_enabled=&#8220;off&#8220; button_one_border_width__hover_enabled=&#8220;off&#8220; button_two_border_width__hover_enabled=&#8220;off&#8220; button_border_color__hover_enabled=&#8220;off&#8220; button_one_border_color__hover_enabled=&#8220;off&#8220; button_two_border_color__hover_enabled=&#8220;off&#8220; button_border_radius__hover_enabled=&#8220;off&#8220; button_one_border_radius__hover_enabled=&#8220;off&#8220; button_two_border_radius__hover_enabled=&#8220;off&#8220; button_letter_spacing__hover_enabled=&#8220;off&#8220; button_one_letter_spacing__hover_enabled=&#8220;off&#8220; button_two_letter_spacing__hover_enabled=&#8220;off&#8220; button_bg_color__hover_enabled=&#8220;off&#8220; button_one_bg_color__hover_enabled=&#8220;off&#8220; button_two_bg_color__hover_enabled=&#8220;off&#8220;][\/et_pb_contact_field][et_pb_contact_field field_id=&#8220;Email&#8220; field_title=&#8220;E-Mail&#8220; field_type=&#8220;email&#8220; fullwidth_field=&#8220;on&#8220; _builder_version=&#8220;4.23.2&#8243; global_colors_info=&#8220;{}&#8220; button_text_size__hover_enabled=&#8220;off&#8220; button_one_text_size__hover_enabled=&#8220;off&#8220; button_two_text_size__hover_enabled=&#8220;off&#8220; button_text_color__hover_enabled=&#8220;off&#8220; button_one_text_color__hover_enabled=&#8220;off&#8220; button_two_text_color__hover_enabled=&#8220;off&#8220; button_border_width__hover_enabled=&#8220;off&#8220; button_one_border_width__hover_enabled=&#8220;off&#8220; button_two_border_width__hover_enabled=&#8220;off&#8220; button_border_color__hover_enabled=&#8220;off&#8220; button_one_border_color__hover_enabled=&#8220;off&#8220; button_two_border_color__hover_enabled=&#8220;off&#8220; button_border_radius__hover_enabled=&#8220;off&#8220; button_one_border_radius__hover_enabled=&#8220;off&#8220; button_two_border_radius__hover_enabled=&#8220;off&#8220; button_letter_spacing__hover_enabled=&#8220;off&#8220; button_one_letter_spacing__hover_enabled=&#8220;off&#8220; button_two_letter_spacing__hover_enabled=&#8220;off&#8220; button_bg_color__hover_enabled=&#8220;off&#8220; button_one_bg_color__hover_enabled=&#8220;off&#8220; button_two_bg_color__hover_enabled=&#8220;off&#8220;][\/et_pb_contact_field][et_pb_contact_field field_id=&#8220;requestDate&#8220; field_title=&#8220;Datum&#8220; _builder_version=&#8220;4.25.1&#8243; global_colors_info=&#8220;{}&#8220; button_text_size__hover_enabled=&#8220;off&#8220; button_one_text_size__hover_enabled=&#8220;off&#8220; button_two_text_size__hover_enabled=&#8220;off&#8220; button_text_color__hover_enabled=&#8220;off&#8220; button_one_text_color__hover_enabled=&#8220;off&#8220; button_two_text_color__hover_enabled=&#8220;off&#8220; button_border_width__hover_enabled=&#8220;off&#8220; button_one_border_width__hover_enabled=&#8220;off&#8220; button_two_border_width__hover_enabled=&#8220;off&#8220; button_border_color__hover_enabled=&#8220;off&#8220; button_one_border_color__hover_enabled=&#8220;off&#8220; button_two_border_color__hover_enabled=&#8220;off&#8220; button_border_radius__hover_enabled=&#8220;off&#8220; button_one_border_radius__hover_enabled=&#8220;off&#8220; button_two_border_radius__hover_enabled=&#8220;off&#8220; button_letter_spacing__hover_enabled=&#8220;off&#8220; button_one_letter_spacing__hover_enabled=&#8220;off&#8220; button_two_letter_spacing__hover_enabled=&#8220;off&#8220; button_bg_color__hover_enabled=&#8220;off&#8220; button_one_bg_color__hover_enabled=&#8220;off&#8220; button_two_bg_color__hover_enabled=&#8220;off&#8220;][\/et_pb_contact_field][et_pb_contact_field field_id=&#8220;Passengers&#8220; field_title=&#8220;Anzahl der Passagiere&#8220; allowed_symbols=&#8220;numbers&#8220; _builder_version=&#8220;4.25.1&#8243; global_colors_info=&#8220;{}&#8220; button_text_size__hover_enabled=&#8220;off&#8220; button_one_text_size__hover_enabled=&#8220;off&#8220; button_two_text_size__hover_enabled=&#8220;off&#8220; button_text_color__hover_enabled=&#8220;off&#8220; button_one_text_color__hover_enabled=&#8220;off&#8220; button_two_text_color__hover_enabled=&#8220;off&#8220; button_border_width__hover_enabled=&#8220;off&#8220; button_one_border_width__hover_enabled=&#8220;off&#8220; button_two_border_width__hover_enabled=&#8220;off&#8220; button_border_color__hover_enabled=&#8220;off&#8220; button_one_border_color__hover_enabled=&#8220;off&#8220; button_two_border_color__hover_enabled=&#8220;off&#8220; button_border_radius__hover_enabled=&#8220;off&#8220; button_one_border_radius__hover_enabled=&#8220;off&#8220; button_two_border_radius__hover_enabled=&#8220;off&#8220; button_letter_spacing__hover_enabled=&#8220;off&#8220; button_one_letter_spacing__hover_enabled=&#8220;off&#8220; button_two_letter_spacing__hover_enabled=&#8220;off&#8220; button_bg_color__hover_enabled=&#8220;off&#8220; button_one_bg_color__hover_enabled=&#8220;off&#8220; button_two_bg_color__hover_enabled=&#8220;off&#8220;][\/et_pb_contact_field][et_pb_contact_field field_id=&#8220;Message&#8220; field_title=&#8220;Bemerkungen (geben Sie den Zweck des Dienstes an)&#8220; field_type=&#8220;text&#8220; fullwidth_field=&#8220;on&#8220; _builder_version=&#8220;4.25.1&#8243; global_colors_info=&#8220;{}&#8220; button_text_size__hover_enabled=&#8220;off&#8220; button_one_text_size__hover_enabled=&#8220;off&#8220; button_two_text_size__hover_enabled=&#8220;off&#8220; button_text_color__hover_enabled=&#8220;off&#8220; button_one_text_color__hover_enabled=&#8220;off&#8220; button_two_text_color__hover_enabled=&#8220;off&#8220; button_border_width__hover_enabled=&#8220;off&#8220; button_one_border_width__hover_enabled=&#8220;off&#8220; button_two_border_width__hover_enabled=&#8220;off&#8220; button_border_color__hover_enabled=&#8220;off&#8220; button_one_border_color__hover_enabled=&#8220;off&#8220; button_two_border_color__hover_enabled=&#8220;off&#8220; button_border_radius__hover_enabled=&#8220;off&#8220; button_one_border_radius__hover_enabled=&#8220;off&#8220; button_two_border_radius__hover_enabled=&#8220;off&#8220; button_letter_spacing__hover_enabled=&#8220;off&#8220; button_one_letter_spacing__hover_enabled=&#8220;off&#8220; button_two_letter_spacing__hover_enabled=&#8220;off&#8220; button_bg_color__hover_enabled=&#8220;off&#8220; button_one_bg_color__hover_enabled=&#8220;off&#8220; button_two_bg_color__hover_enabled=&#8220;off&#8220;][\/et_pb_contact_field][et_pb_contact_field field_id=&#8220;GDPR&#8220; field_title=&#8220;Allgemeine Gesch\u00e4ftsbedingungen&#8220; field_type=&#8220;checkbox&#8220; checkbox_options=&#8220;%91{%22value%22:%22Ich habe die Bedingungen der  %22,%22checked%22:1,%22dragID%22:-1,%22link_url%22:%22\\\/politica-de-privacidade\\\/%22,%22link_text%22:%22Datenschutzrichtlinie%22}%93&#8243; fullwidth_field=&#8220;on&#8220; _builder_version=&#8220;4.23.2&#8243; _module_preset=&#8220;default&#8220; form_field_text_color=&#8220;#221E1F&#8220; form_field_letter_spacing=&#8220;0.5px&#8220; global_colors_info=&#8220;{}&#8220;][\/et_pb_contact_field][\/et_pb_contact_form][\/et_pb_column][et_pb_column type=&#8220;1_4&#8243; _builder_version=&#8220;4.25.1&#8243; _module_preset=&#8220;default&#8220; global_colors_info=&#8220;{}&#8220;][\/et_pb_column][\/et_pb_row][\/et_pb_section][et_pb_section fb_built=&#8220;1&#8243; inner_shadow=&#8220;on&#8220; _builder_version=&#8220;4.23.2&#8243; _module_preset=&#8220;default&#8220; background_color=&#8220;#275D0C&#8220; custom_padding=&#8220;20px||20px||true|false&#8220; global_module=&#8220;1911&#8243; saved_tabs=&#8220;all&#8220; global_colors_info=&#8220;{}&#8220;][et_pb_row column_structure=&#8220;2_3,1_3&#8243; use_custom_gutter=&#8220;on&#8220; make_equal=&#8220;on&#8220; _builder_version=&#8220;4.23.2&#8243; _module_preset=&#8220;default&#8220; custom_padding=&#8220;40px||40px||true|false&#8220; global_colors_info=&#8220;{}&#8220;][et_pb_column type=&#8220;2_3&#8243; _builder_version=&#8220;4.23.2&#8243; _module_preset=&#8220;default&#8220; global_colors_info=&#8220;{}&#8220;][et_pb_heading title=&#8220;Bereit zum Erkunden?&#8220; _builder_version=&#8220;4.23.2&#8243; _module_preset=&#8220;default&#8220; title_level=&#8220;h3&#8243; title_text_color=&#8220;#FFFFFF&#8220; custom_margin=&#8220;||5px||false|false&#8220; global_colors_info=&#8220;{}&#8220;][\/et_pb_heading][et_pb_text _builder_version=&#8220;4.25.1&#8243; _module_preset=&#8220;default&#8220; background_layout=&#8220;dark&#8220; global_colors_info=&#8220;{}&#8220;]<\/p>\n<p>Buchen Sie Touren oder fragen Sie nach weiteren Informationen. Nehmen Sie jetzt Kontakt mit uns auf!  <\/p>\n<p>[\/et_pb_text][\/et_pb_column][et_pb_column type=&#8220;1_3&#8243; _builder_version=&#8220;4.23.2&#8243; _module_preset=&#8220;default&#8220; custom_css_main_element=&#8220;display:flex;||justify-content:flex-end;||align-items:center;||gap:30px;&#8220; global_colors_info=&#8220;{}&#8220;][et_pb_button button_url=&#8220;https:\/\/recordtours.pt\/de\/tours\/touren\/&#8220; button_text=&#8220;Touren ansehen&#8220; button_alignment=&#8220;right&#8220; _builder_version=&#8220;4.25.1&#8243; _module_preset=&#8220;default&#8220; custom_button=&#8220;on&#8220; button_text_color=&#8220;#275D0C&#8220; button_bg_color=&#8220;#FFFFFF&#8220; button_border_color=&#8220;#FFFFFF&#8220; button_font=&#8220;||||||||&#8220; button_icon=&#8220;&#xf274;||fa||900&#8243; button_icon_placement=&#8220;left&#8220; button_on_hover=&#8220;off&#8220; custom_margin=&#8220;0px||0px||true|false&#8220; global_colors_info=&#8220;{}&#8220; button_border_color__hover_enabled=&#8220;on|hover&#8220; button_text_color__hover_enabled=&#8220;on|desktop&#8220; button_bg_color__hover_enabled=&#8220;on|desktop&#8220; button_text_color__hover=&#8220;#FFFFFF&#8220; button_bg_color__hover=&#8220;#8BB42C&#8220; button_bg_enable_color__hover=&#8220;on&#8220; button_border_color__hover=&#8220;#8BB42C&#8220;][\/et_pb_button][et_pb_button button_url=&#8220;@ET-DC@eyJkeW5hbWljIjp0cnVlLCJjb250ZW50IjoicG9zdF9saW5rX3VybF9wYWdlIiwic2V0dGluZ3MiOnsicG9zdF9pZCI6IjE3In19@&#8220; button_text=&#8220;Kontaktieren Sie uns&#8220; button_alignment=&#8220;right&#8220; _builder_version=&#8220;4.23.2&#8243; _dynamic_attributes=&#8220;button_url&#8220; _module_preset=&#8220;default&#8220; custom_button=&#8220;on&#8220; button_text_color=&#8220;#FFFFFF&#8220; button_bg_color=&#8220;RGBA(255,255,255,0)&#8220; button_border_color=&#8220;#FFFFFF&#8220; button_font=&#8220;||||||||&#8220; button_icon=&#8220;&#xf879;||fa||900&#8243; button_icon_placement=&#8220;left&#8220; button_on_hover=&#8220;off&#8220; custom_margin=&#8220;0px||0px||true|false&#8220; global_colors_info=&#8220;{}&#8220; button_text_color__hover_enabled=&#8220;on|hover&#8220; button_bg_color__hover_enabled=&#8220;on|desktop&#8220; button_border_color__hover_enabled=&#8220;on|hover&#8220; button_text_color__hover=&#8220;#FFFFFF&#8220; button_bg_color__hover=&#8220;#8BB42C&#8220; button_bg_enable_color__hover=&#8220;on&#8220; button_border_color__hover=&#8220;#8BB42C&#8220;][\/et_pb_button][\/et_pb_column][\/et_pb_row][\/et_pb_section]<\/p>\n","protected":false},"excerpt":{"rendered":"<p>Pendelverkehr Buchen Sie jetzt, um ein reibungsloses Erlebnis und exzellenten Service zu erschwinglichen Preisen zu genie\u00dfen. Bei Record Tours bieten wir Transfers innerhalb von Lissabon an, von Lissabon zu jedem Ort und umgekehrt. Wir arbeiten ausschlie\u00dflich mit vertrauensw\u00fcrdigen Partnern mit ausgezeichnetem Ruf und voller Lizenz f\u00fcr den Betrieb an Flugh\u00e4fen zusammen. Unsere Fahrzeuge sind mit [&hellip;]<\/p>\n","protected":false},"author":1,"featured_media":0,"parent":0,"menu_order":0,"comment_status":"closed","ping_status":"closed","template":"","meta":{"_acf_changed":false,"_et_pb_use_builder":"on","_et_pb_old_content":"","_et_gb_content_width":"","footnotes":""},"class_list":["post-3062","page","type-page","status-publish","hentry"],"acf":[],"_links":{"self":[{"href":"https:\/\/recordtours.pt\/de\/wp-json\/wp\/v2\/pages\/3062","targetHints":{"allow":["GET"]}}],"collection":[{"href":"https:\/\/recordtours.pt\/de\/wp-json\/wp\/v2\/pages"}],"about":[{"href":"https:\/\/recordtours.pt\/de\/wp-json\/wp\/v2\/types\/page"}],"author":[{"embeddable":true,"href":"https:\/\/recordtours.pt\/de\/wp-json\/wp\/v2\/users\/1"}],"replies":[{"embeddable":true,"href":"https:\/\/recordtours.pt\/de\/wp-json\/wp\/v2\/comments?post=3062"}],"version-history":[{"count":0,"href":"https:\/\/recordtours.pt\/de\/wp-json\/wp\/v2\/pages\/3062\/revisions"}],"wp:attachment":[{"href":"https:\/\/recordtours.pt\/de\/wp-json\/wp\/v2\/media?parent=3062"}],"curies":[{"name":"wp","href":"https:\/\/api.w.org\/{rel}","templated":true}]}}