{"id":2912,"date":"2024-02-21T11:08:15","date_gmt":"2024-02-21T11:08:15","guid":{"rendered":"https:\/\/recordtours.pt\/politica-de-cookies\/"},"modified":"2024-05-20T09:51:38","modified_gmt":"2024-05-20T09:51:38","slug":"politica-de-cookies","status":"publish","type":"page","link":"https:\/\/recordtours.pt\/es\/politica-de-cookies\/","title":{"rendered":"Pol\u00edtica de cookies"},"content":{"rendered":"<p>[et_pb_section fb_built=\u00bb1&#8243; inner_shadow=\u00bbon\u00bb _builder_version=\u00bb4.23.2&#8243; _module_preset=\u00bbdefault\u00bb background_color=\u00bb#262729&#8243; background_enable_pattern_style=\u00bbon\u00bb background_pattern_style=\u00bbsmiles\u00bb background_pattern_color=\u00bb#275D0C\u00bb custom_padding=\u00bb0px||0px||true|false\u00bb custom_css_before=\u00bbcontent: %22%22;||position: absolute;||top: 0;||left: 0;||right: 0;||bottom: 0;||z-index: 2;||backdrop-filter:blur(5px);\u00bb saved_tabs=\u00bball\u00bb locked=\u00bboff\u00bb global_colors_info=\u00bb{}\u00bb][et_pb_row _builder_version=\u00bb4.23.2&#8243; _module_preset=\u00bbdefault\u00bb global_colors_info=\u00bb{}\u00bb][et_pb_column type=\u00bb4_4&#8243; _builder_version=\u00bb4.22.2&#8243; _module_preset=\u00bbdefault\u00bb global_colors_info=\u00bb{}\u00bb][et_pb_heading title=\u00bb@ET-DC@eyJkeW5hbWljIjp0cnVlLCJjb250ZW50IjoicG9zdF90aXRsZSIsInNldHRpbmdzIjp7ImJlZm9yZSI6IiIsImFmdGVyIjoiIn19@\u00bb _builder_version=\u00bb4.23.2&#8243; _dynamic_attributes=\u00bbtitle\u00bb _module_preset=\u00bbdefault\u00bb title_font=\u00bb||||||||\u00bb title_text_align=\u00bbcenter\u00bb title_text_color=\u00bb#FFFFFF\u00bb global_colors_info=\u00bb{}\u00bb title_text_shadow_style=\u00bbpreset1&#8243; title_text_shadow_vertical_length=\u00bb0.07em\u00bb title_text_shadow_color=\u00bbrgba(0,0,0,0.2)\u00bb][\/et_pb_heading][\/et_pb_column][\/et_pb_row][\/et_pb_section][et_pb_section fb_built=\u00bb1&#8243; _builder_version=\u00bb4.23.2&#8243; _module_preset=\u00bbdefault\u00bb global_colors_info=\u00bb{}\u00bb][et_pb_row _builder_version=\u00bb4.23.2&#8243; _module_preset=\u00bbdefault\u00bb global_colors_info=\u00bb{}\u00bb][et_pb_column type=\u00bb4_4&#8243; _builder_version=\u00bb4.23.2&#8243; _module_preset=\u00bbdefault\u00bb global_colors_info=\u00bb{}\u00bb][et_pb_text _builder_version=\u00bb4.23.2&#8243; _module_preset=\u00bbdefault\u00bb hover_enabled=\u00bb0&#8243; sticky_enabled=\u00bb0&#8243;]<em>\u00daltima actualizaci\u00f3n el: 22 de febrero de 2024<\/em><\/p>\n<h4>Resumen<\/h4>\n<p>Las p\u00e1ginas \u00abPol\u00edtica de privacidad\u00bb y \u00abPol\u00edtica de cookies\u00bb describen c\u00f3mo <strong>recordtours.pt<\/strong> trata la informaci\u00f3n personal que nos proporciona al acceder a este sitio web. La p\u00e1gina \u00abPol\u00edtica de cookies\u00bb describe qu\u00e9 cookies utilizamos y sus finalidades, c\u00f3mo las utilizamos y algunas de las medidas de seguridad para proteger su privacidad, adem\u00e1s de proporcionar informaci\u00f3n sobre la gesti\u00f3n de las cookies. <strong>recordtours.pt<\/strong> se compromete a garantizar que cumple con las regulaciones de la Ley de Protecci\u00f3n de Datos, al tiempo que mantiene su privacidad protegida.<\/p>\n<p>&nbsp;<\/p>\n<h4>\u00bfQu\u00e9 son las cookies?<\/h4>\n<p>Las \u00abcookies\u00bb son peque\u00f1os archivos que se almacenan en su ordenador a trav\u00e9s de su navegador, reteniendo \u00fanicamente informaci\u00f3n relacionada con sus preferencias y otra informaci\u00f3n utilizada en los sitios web, sin incluir, como tales, sus datos personales. Las cookies en s\u00ed mismas no identifican al usuario individual, solo al ordenador utilizado.<\/p>\n<p>Tiene la posibilidad, bajo cualquier circunstancia, de configurar su ordenador para que acepte todas las cookies, para que le notifique cuando se emita una cookie o para que no reciba cookies. El m\u00e9todo puede variar seg\u00fan el navegador, por lo que puede consultar la secci\u00f3n \u00abAyuda\u00bb de su navegador.<\/p>\n<p>&nbsp;<\/p>\n<h4>\u00bfQu\u00e9 cookies utilizamos?<\/h4>\n<p>El <strong>recordtours.pt<\/strong> utiliza cookies, en particular, para gestionar la navegaci\u00f3n de los usuarios, que se lleva a cabo por el propio sitio web <strong>recordtours.pt<\/strong> y con fines de an\u00e1lisis estad\u00edstico, por entidades externas.<\/p>\n<p>Consulte la lista de las principales cookies que utilizamos a continuaci\u00f3n:<\/p>\n<ol>\n<li>Google Adwords: le permite mostrar un anuncio en los resultados de b\u00fasqueda de Google de forma r\u00e1pida y sencilla;<\/li>\n<li>Google Analytics: es la herramienta de an\u00e1lisis de Google que ayuda a los propietarios de sitios web y aplicaciones a comprender el compromiso de sus visitantes con sus propiedades;<\/li>\n<li>Facebook Pixel: es la herramienta de an\u00e1lisis de Facebook que ayuda a medir la eficacia de la publicidad;<\/li>\n<\/ol>\n<p>Otras cookies utilizadas en nuestro sitio web incluyen las siguientes: cookies de aplicaciones de Google Analytics y Adwords, php, php theme, javascript, wordpress y algunos complementos de wordpress. Estos datos son gen\u00e9ricos y an\u00f3nimos y est\u00e1n destinados a permitir las funcionalidades del sitio web y su infraestructura, la validez de la sesi\u00f3n del usuario, aumentar la eficiencia del sitio web, as\u00ed como el tratamiento estad\u00edstico de las visitas a la p\u00e1gina.<\/p>\n<p>Al navegar por el sitio web <strong>recordtours.pt<\/strong> est\u00e1 consintiendo el uso de cookies. Si hay cambios en nuestra pol\u00edtica de privacidad o pol\u00edtica de cookies, esos cambios se publicar\u00e1n en este sitio web.<\/p>\n<p>&nbsp;<\/p>\n<h4>Uso de cookies con fines de remarketing<\/h4>\n<p><strong>Los proveedores de servicios de recordtours.pt<\/strong>, incluido Google, utilizan cookies con el fin de publicitar los productos y servicios <strong>de recordtours.pt<\/strong>.<\/p>\n<p>Las cookies permiten a <strong>recordtours.pt<\/strong> proveedores de servicios, incluido Google, recopilar informaci\u00f3n sobre visitas anteriores al sitio web <strong>de recordtours.pt<\/strong> y, en funci\u00f3n de esa informaci\u00f3n, mostrar anuncios en sitios web de terceros que <strong>recordtours.pt relevantes<\/strong> y de inter\u00e9s para los clientes y otros visitantes de los sitios web <strong>recordtours.pt<\/strong>.<\/p>\n<p>Los clientes y otros visitantes <strong>de los sitios web de recordtours.pt<\/strong> pueden optar por no participar en el uso de cookies por parte de Google en cualquier momento a trav\u00e9s de la configuraci\u00f3n de anuncios de Google.<\/p>\n<p>&nbsp;<\/p>\n<h4>Complemento de inhabilitaci\u00f3n del navegador de Google Analytics<\/h4>\n<p>Google ha desarrollado el complemento de inhabilitaci\u00f3n del navegador Google Analytics, que proporciona a los usuarios un mayor control sobre la gesti\u00f3n de sus datos por parte de Google Analytics. El complemento se comunica con Google Analytics JavaScript (ga.js) para definir qu\u00e9 datos sobre la visita al sitio web no deben transmitirse a Google Analytics. El complemento de inhabilitaci\u00f3n del navegador de Google Analytics no impide que se env\u00eden datos al propio sitio web o a otros servicios de an\u00e1lisis web.<\/p>\n<p>&nbsp;<\/p>\n<h4>Control y bloqueo de cookies<\/h4>\n<p>Todos los navegadores permiten al usuario aceptar, rechazar o eliminar las cookies, en particular seleccionando la configuraci\u00f3n adecuada en el navegador respectivo. Puede configurar las cookies en el men\u00fa de \u00abopciones\u00bb o \u00abpreferencias\u00bb de su navegador. Si acepta las cookies, es posible que permanezcan en su ordenador durante muchos a\u00f1os a menos que las elimine.<\/p>\n<p>Tenga en cuenta, sin embargo, que al deshabilitar las cookies, puede impedir que algunos servicios web funcionen correctamente, afectando parcial o totalmente la navegaci\u00f3n en el sitio web. Para obtener m\u00e1s informaci\u00f3n sobre las cookies, incluido c\u00f3mo ver para qu\u00e9 se han creado las cookies y c\u00f3mo administrarlas y eliminarlas, visite www.allaboutcookies.org que incluye informaci\u00f3n sobre c\u00f3mo administrar su configuraci\u00f3n para los distintos proveedores de navegadores.[\/et_pb_text][\/et_pb_column][\/et_pb_row][\/et_pb_section]<\/p>\n","protected":false},"excerpt":{"rendered":"<p>\u00daltima actualizaci\u00f3n el: 22 de febrero de 2024 Resumen Las p\u00e1ginas \u00abPol\u00edtica de privacidad\u00bb y \u00abPol\u00edtica de cookies\u00bb describen c\u00f3mo recordtours.pt trata la informaci\u00f3n personal que nos proporciona al acceder a este sitio web. La p\u00e1gina \u00abPol\u00edtica de cookies\u00bb describe qu\u00e9 cookies utilizamos y sus finalidades, c\u00f3mo las utilizamos y algunas de las medidas de [&hellip;]<\/p>\n","protected":false},"author":1,"featured_media":0,"parent":0,"menu_order":0,"comment_status":"closed","ping_status":"closed","template":"","meta":{"_acf_changed":false,"_et_pb_use_builder":"on","_et_pb_old_content":"","_et_gb_content_width":"","footnotes":""},"class_list":["post-2912","page","type-page","status-publish","hentry"],"acf":[],"_links":{"self":[{"href":"https:\/\/recordtours.pt\/es\/wp-json\/wp\/v2\/pages\/2912","targetHints":{"allow":["GET"]}}],"collection":[{"href":"https:\/\/recordtours.pt\/es\/wp-json\/wp\/v2\/pages"}],"about":[{"href":"https:\/\/recordtours.pt\/es\/wp-json\/wp\/v2\/types\/page"}],"author":[{"embeddable":true,"href":"https:\/\/recordtours.pt\/es\/wp-json\/wp\/v2\/users\/1"}],"replies":[{"embeddable":true,"href":"https:\/\/recordtours.pt\/es\/wp-json\/wp\/v2\/comments?post=2912"}],"version-history":[{"count":0,"href":"https:\/\/recordtours.pt\/es\/wp-json\/wp\/v2\/pages\/2912\/revisions"}],"wp:attachment":[{"href":"https:\/\/recordtours.pt\/es\/wp-json\/wp\/v2\/media?parent=2912"}],"curies":[{"name":"wp","href":"https:\/\/api.w.org\/{rel}","templated":true}]}}